{"id":239,"date":"2024-09-28T15:30:37","date_gmt":"2024-09-28T15:30:37","guid":{"rendered":"https:\/\/xnd.aoj.mybluehost.me\/accueil\/"},"modified":"2025-07-10T13:01:10","modified_gmt":"2025-07-10T13:01:10","slug":"accueil","status":"publish","type":"page","link":"https:\/\/art-in-law.org\/fr\/","title":{"rendered":"Accueil"},"content":{"rendered":"\n<h1 class=\"wp-block-heading has-text-align-center\">Services Sp\u00e9cialis\u00e9s<\/h1>\n\n\n<div class=\"wp-block-ub-content-toggle wp-block-ub-content-toggle-block\" id=\"ub-content-toggle-block-d68c8565-cfe0-4af2-9855-6087095de2e4\" data-mobilecollapse=\"true\" data-desktopcollapse=\"true\" data-preventcollapse=\"false\" data-showonlyone=\"false\">\n<div class=\"wp-block-ub-content-toggle-accordion\" style=\"border-color: #f1f1f1;\" id=\"ub-content-toggle-panel-block-\">\n\t\t\t<div class=\"wp-block-ub-content-toggle-accordion-title-wrap\" style=\"background-color: #f1f1f1;\" aria-controls=\"ub-content-toggle-panel-0-d68c8565-cfe0-4af2-9855-6087095de2e4\" tabindex=\"0\">\n\t\t\t<p class=\"wp-block-ub-content-toggle-accordion-title ub-content-toggle-title-d68c8565-cfe0-4af2-9855-6087095de2e4\" style=\"color: #000000; \">Gestion des Droits des Artistes<\/p>\n\t\t\t<div class=\"wp-block-ub-content-toggle-accordion-toggle-wrap right\" style=\"color: #000000;\"><span class=\"wp-block-ub-content-toggle-accordion-state-indicator wp-block-ub-chevron-down\"><\/span><\/div>\n\t\t<\/div>\n\t\t\t<div role=\"region\" aria-expanded=\"false\" class=\"wp-block-ub-content-toggle-accordion-content-wrap ub-hide\" id=\"ub-content-toggle-panel-0-d68c8565-cfe0-4af2-9855-6087095de2e4\">\n\n<ul class=\"wp-block-list\">\n<li>Protection de la Propri\u00e9t\u00e9 Intellectuelle<\/li>\n\n\n\n<li>R\u00e9daction et N\u00e9gociation de Contrats<\/li>\n\n\n\n<li>R\u00e9solution des Litiges et Contentieux par Arbitrage et M\u00e9diation<\/li>\n\n\n\n<li>Ventes et Transactions d&rsquo;Art<\/li>\n\n\n\n<li>Planification Successorale et Gestion du Patrimoine<\/li>\n\n\n\n<li>Cr\u00e9ation et Gestion d&rsquo;Entreprise<\/li>\n\n\n\n<li>Repr\u00e9sentation d&rsquo;Artistes et Agence<\/li>\n\n\n\n<li>March\u00e9 de l&rsquo;Art<\/li>\n<\/ul>\n\n<\/div>\n\t\t<\/div>\n\n<div class=\"wp-block-ub-content-toggle-accordion\" style=\"border-color: #f1f1f1;\" id=\"ub-content-toggle-panel-block-\">\n\t\t\t<div class=\"wp-block-ub-content-toggle-accordion-title-wrap\" style=\"background-color: #f1f1f1;\" aria-controls=\"ub-content-toggle-panel-1-d68c8565-cfe0-4af2-9855-6087095de2e4\" tabindex=\"0\">\n\t\t\t<p class=\"wp-block-ub-content-toggle-accordion-title ub-content-toggle-title-d68c8565-cfe0-4af2-9855-6087095de2e4\" style=\"color: #000000; \">Gestion Administrative des Talents<\/p>\n\t\t\t<div class=\"wp-block-ub-content-toggle-accordion-toggle-wrap right\" style=\"color: #000000;\"><span class=\"wp-block-ub-content-toggle-accordion-state-indicator wp-block-ub-chevron-down\"><\/span><\/div>\n\t\t<\/div>\n\t\t\t<div role=\"region\" aria-expanded=\"false\" class=\"wp-block-ub-content-toggle-accordion-content-wrap ub-hide\" id=\"ub-content-toggle-panel-1-d68c8565-cfe0-4af2-9855-6087095de2e4\">\n\n<ul class=\"wp-block-list\">\n<li>\u00c9valuation de l&rsquo;\u00c9ligibilit\u00e9 et conseils sur les options de Visa<\/li>\n\n\n\n<li>Conseils sur les Permis de R\u00e9sidence \/ Exigences pour un S\u00e9jour de Long Terme<\/li>\n\n\n\n<li>Pr\u00e9paration et R\u00e9vision de Documents<\/li>\n\n\n\n<li>R\u00e9ponse aux Demandes Gouvernementales et Suivi<\/li>\n\n\n\n<li>Strat\u00e9gie de Demande et D\u00e9p\u00f4t<\/li>\n\n\n\n<li>Assistance pour les Types de Visa Sp\u00e9cialis\u00e9s<\/li>\n\n\n\n<li>Appels et repr\u00e9sentation en cas de refus<\/li>\n\n\n\n<li>Assistance pour la Citoyennet\u00e9 et la Naturalisation<\/li>\n<\/ul>\n\n<\/div>\n\t\t<\/div>\n\n<div class=\"wp-block-ub-content-toggle-accordion\" style=\"border-color: #f1f1f1;\" id=\"ub-content-toggle-panel-block-\">\n\t\t\t<div class=\"wp-block-ub-content-toggle-accordion-title-wrap\" style=\"background-color: #f1f1f1;\" aria-controls=\"ub-content-toggle-panel-2-d68c8565-cfe0-4af2-9855-6087095de2e4\" tabindex=\"0\">\n\t\t\t<p class=\"wp-block-ub-content-toggle-accordion-title ub-content-toggle-title-d68c8565-cfe0-4af2-9855-6087095de2e4\" style=\"color: #000000; \">Art sur le march\u00e9<\/p>\n\t\t\t<div class=\"wp-block-ub-content-toggle-accordion-toggle-wrap right\" style=\"color: #000000;\"><span class=\"wp-block-ub-content-toggle-accordion-state-indicator wp-block-ub-chevron-down\"><\/span><\/div>\n\t\t<\/div>\n\t\t\t<div role=\"region\" aria-expanded=\"false\" class=\"wp-block-ub-content-toggle-accordion-content-wrap ub-hide\" id=\"ub-content-toggle-panel-2-d68c8565-cfe0-4af2-9855-6087095de2e4\">\n\n<ul class=\"wp-block-list\">\n<li>\u00c9v\u00e9nements Artistiques, Exposition en Galerie et Projets de Curatelle<\/li>\n\n\n\n<li>Strat\u00e9gie de Vente et de Promotion<\/li>\n\n\n\n<li>Soutien \u00e0 la Pr\u00e9sentation et Catalogage d&rsquo;Art<\/li>\n\n\n\n<li>Gestion de Collection d&rsquo;Art<\/li>\n\n\n\n<li>Soutien aux Transactions d&rsquo;Art<\/li>\n<\/ul>\n\n<\/div>\n\t\t<\/div>\n<\/div>","protected":false},"excerpt":{"rendered":"<p>Services Sp\u00e9cialis\u00e9s<\/p>\n","protected":false},"author":1,"featured_media":0,"parent":0,"menu_order":0,"comment_status":"closed","ping_status":"closed","template":"","meta":{"_acf_changed":false,"ub_ctt_via":"","footnotes":""},"class_list":["post-239","page","type-page","status-publish","hentry"],"acf":[],"featured_image_src":null,"yoast_head":"<!-- This site is optimized with the Yoast SEO plugin v27.2 - https:\/\/yoast.com\/product\/yoast-seo-wordpress\/ -->\n<title>Accueil - Art-in-Law<\/title>\n<meta name=\"robots\" content=\"index, follow, max-snippet:-1, max-image-preview:large, max-video-preview:-1\" \/>\n<link rel=\"canonical\" href=\"https:\/\/art-in-law.org\/fr\/\" \/>\n<meta property=\"og:locale\" content=\"fr_FR\" \/>\n<meta property=\"og:type\" content=\"article\" \/>\n<meta property=\"og:title\" content=\"Accueil - Art-in-Law\" \/>\n<meta property=\"og:description\" content=\"Services Sp\u00e9cialis\u00e9s\" \/>\n<meta property=\"og:url\" content=\"https:\/\/art-in-law.org\/fr\/\" \/>\n<meta property=\"og:site_name\" content=\"Art-in-Law\" \/>\n<meta property=\"article:modified_time\" content=\"2025-07-10T13:01:10+00:00\" \/>\n<meta name=\"twitter:card\" content=\"summary_large_image\" \/>\n<meta name=\"twitter:label1\" content=\"Dur\u00e9e de lecture estim\u00e9e\" \/>\n\t<meta name=\"twitter:data1\" content=\"1 minute\" \/>\n<script type=\"application\/ld+json\" class=\"yoast-schema-graph\">{\"@context\":\"https:\/\/schema.org\",\"@graph\":[{\"@type\":\"WebPage\",\"@id\":\"https:\/\/art-in-law.org\/fr\/\",\"url\":\"https:\/\/art-in-law.org\/fr\/\",\"name\":\"Accueil - Art-in-Law\",\"isPartOf\":{\"@id\":\"https:\/\/art-in-law.org\/fr\/#website\"},\"datePublished\":\"2024-09-28T15:30:37+00:00\",\"dateModified\":\"2025-07-10T13:01:10+00:00\",\"breadcrumb\":{\"@id\":\"https:\/\/art-in-law.org\/fr\/#breadcrumb\"},\"inLanguage\":\"fr-FR\",\"potentialAction\":[{\"@type\":\"ReadAction\",\"target\":[\"https:\/\/art-in-law.org\/fr\/\"]}]},{\"@type\":\"BreadcrumbList\",\"@id\":\"https:\/\/art-in-law.org\/fr\/#breadcrumb\",\"itemListElement\":[{\"@type\":\"ListItem\",\"position\":1,\"name\":\"Home\",\"item\":\"https:\/\/art-in-law.org\/fr\/\"},{\"@type\":\"ListItem\",\"position\":2,\"name\":\"Accueil\"}]},{\"@type\":\"WebSite\",\"@id\":\"https:\/\/art-in-law.org\/fr\/#website\",\"url\":\"https:\/\/art-in-law.org\/fr\/\",\"name\":\"Art-in-Law\",\"description\":\"\",\"potentialAction\":[{\"@type\":\"SearchAction\",\"target\":{\"@type\":\"EntryPoint\",\"urlTemplate\":\"https:\/\/art-in-law.org\/fr\/?s={search_term_string}\"},\"query-input\":{\"@type\":\"PropertyValueSpecification\",\"valueRequired\":true,\"valueName\":\"search_term_string\"}}],\"inLanguage\":\"fr-FR\"}]}<\/script>\n<!-- \/ Yoast SEO plugin. -->","yoast_head_json":{"title":"Accueil - Art-in-Law","robots":{"index":"index","follow":"follow","max-snippet":"max-snippet:-1","max-image-preview":"max-image-preview:large","max-video-preview":"max-video-preview:-1"},"canonical":"https:\/\/art-in-law.org\/fr\/","og_locale":"fr_FR","og_type":"article","og_title":"Accueil - Art-in-Law","og_description":"Services Sp\u00e9cialis\u00e9s","og_url":"https:\/\/art-in-law.org\/fr\/","og_site_name":"Art-in-Law","article_modified_time":"2025-07-10T13:01:10+00:00","twitter_card":"summary_large_image","twitter_misc":{"Dur\u00e9e de lecture estim\u00e9e":"1 minute"},"schema":{"@context":"https:\/\/schema.org","@graph":[{"@type":"WebPage","@id":"https:\/\/art-in-law.org\/fr\/","url":"https:\/\/art-in-law.org\/fr\/","name":"Accueil - Art-in-Law","isPartOf":{"@id":"https:\/\/art-in-law.org\/fr\/#website"},"datePublished":"2024-09-28T15:30:37+00:00","dateModified":"2025-07-10T13:01:10+00:00","breadcrumb":{"@id":"https:\/\/art-in-law.org\/fr\/#breadcrumb"},"inLanguage":"fr-FR","potentialAction":[{"@type":"ReadAction","target":["https:\/\/art-in-law.org\/fr\/"]}]},{"@type":"BreadcrumbList","@id":"https:\/\/art-in-law.org\/fr\/#breadcrumb","itemListElement":[{"@type":"ListItem","position":1,"name":"Home","item":"https:\/\/art-in-law.org\/fr\/"},{"@type":"ListItem","position":2,"name":"Accueil"}]},{"@type":"WebSite","@id":"https:\/\/art-in-law.org\/fr\/#website","url":"https:\/\/art-in-law.org\/fr\/","name":"Art-in-Law","description":"","potentialAction":[{"@type":"SearchAction","target":{"@type":"EntryPoint","urlTemplate":"https:\/\/art-in-law.org\/fr\/?s={search_term_string}"},"query-input":{"@type":"PropertyValueSpecification","valueRequired":true,"valueName":"search_term_string"}}],"inLanguage":"fr-FR"}]}},"_links":{"self":[{"href":"https:\/\/art-in-law.org\/fr\/wp-json\/wp\/v2\/pages\/239","targetHints":{"allow":["GET"]}}],"collection":[{"href":"https:\/\/art-in-law.org\/fr\/wp-json\/wp\/v2\/pages"}],"about":[{"href":"https:\/\/art-in-law.org\/fr\/wp-json\/wp\/v2\/types\/page"}],"author":[{"embeddable":true,"href":"https:\/\/art-in-law.org\/fr\/wp-json\/wp\/v2\/users\/1"}],"replies":[{"embeddable":true,"href":"https:\/\/art-in-law.org\/fr\/wp-json\/wp\/v2\/comments?post=239"}],"version-history":[{"count":8,"href":"https:\/\/art-in-law.org\/fr\/wp-json\/wp\/v2\/pages\/239\/revisions"}],"predecessor-version":[{"id":354,"href":"https:\/\/art-in-law.org\/fr\/wp-json\/wp\/v2\/pages\/239\/revisions\/354"}],"wp:attachment":[{"href":"https:\/\/art-in-law.org\/fr\/wp-json\/wp\/v2\/media?parent=239"}],"curies":[{"name":"wp","href":"https:\/\/api.w.org\/{rel}","templated":true}]}}