{"id":230,"date":"2024-10-01T05:02:32","date_gmt":"2024-10-01T05:02:32","guid":{"rendered":"https:\/\/xnd.aoj.mybluehost.me\/marche-de-lart\/"},"modified":"2025-01-16T13:36:54","modified_gmt":"2025-01-16T13:36:54","slug":"marche-de-lart","status":"publish","type":"page","link":"https:\/\/art-in-law.org\/fr\/marche-de-lart\/","title":{"rendered":"ART-IN-MARKET"},"content":{"rendered":"\n<ul class=\"wp-block-list\">\n<li><strong>\u00c9v\u00e9nements et expositions<\/strong><br>Nous organisons des \u00e9v\u00e9nements et des expositions rigoureusement s\u00e9lectionn\u00e9es qui relient les artistes aux collectionneurs, aux institutions, aux galeries d\u2019art et au public, guid\u00e9s par notre comit\u00e9 scientifique pour un impact et une reconnaissance accrus.<\/li>\n\n\n\n<li><strong>Promotion et soutien \u00e0 la vente<\/strong><br>Nous accompagnons les artistes dans leur orientation sur le march\u00e9 en promouvant leur travail, en d\u00e9veloppant des strat\u00e9gies marketing et en les connectant avec des acheteurs potentiels.<\/li>\n\n\n\n<li><strong>Projets de galeries et curatoriaux<\/strong><br>Nous collaborons avec des galeries et des institutions \u00e0 Paris pour d\u00e9velopper des projets curatoriaux mettant en lumi\u00e8re les qualit\u00e9s uniques du travail de chaque cr\u00e9ateur.<\/li>\n\n\n\n<li><strong>Cr\u00e9ation de livres et du catalogue d\u2019artiste<\/strong><br>Nous cr\u00e9ons des livres d&rsquo;artiste et des catalogues qui pr\u00e9sentent de mani\u00e8re professionnelle, offrant un enregistrement tangible et p\u00e9renne de sa carri\u00e8re et de ses r\u00e9alisations.<\/li>\n\n\n\n<li><strong>Soutien \u00e0 la pr\u00e9sentation et \u00e0 la communication<\/strong><br>Assistance dans la r\u00e9daction de biographies, d\u00e9clarations artistiques et supports de pr\u00e9sentation pour am\u00e9liorer la visibilit\u00e9 et la repr\u00e9sentation professionnelle des artistes.<\/li>\n<\/ul>\n\n\n\n<p><br><\/p>\n","protected":false},"excerpt":{"rendered":"","protected":false},"author":1,"featured_media":0,"parent":0,"menu_order":0,"comment_status":"closed","ping_status":"closed","template":"","meta":{"_acf_changed":false,"ub_ctt_via":"","footnotes":""},"class_list":["post-230","page","type-page","status-publish","hentry"],"acf":[],"featured_image_src":null,"yoast_head":"<!-- This site is optimized with the Yoast SEO plugin v27.2 - https:\/\/yoast.com\/product\/yoast-seo-wordpress\/ -->\n<title>ART-IN-MARKET - Art-in-Law<\/title>\n<meta name=\"robots\" content=\"index, follow, max-snippet:-1, max-image-preview:large, max-video-preview:-1\" \/>\n<link rel=\"canonical\" href=\"https:\/\/art-in-law.org\/fr\/marche-de-lart\/\" \/>\n<meta property=\"og:locale\" content=\"fr_FR\" \/>\n<meta property=\"og:type\" content=\"article\" \/>\n<meta property=\"og:title\" content=\"ART-IN-MARKET - Art-in-Law\" \/>\n<meta property=\"og:url\" content=\"https:\/\/art-in-law.org\/fr\/marche-de-lart\/\" \/>\n<meta property=\"og:site_name\" content=\"Art-in-Law\" \/>\n<meta property=\"article:modified_time\" content=\"2025-01-16T13:36:54+00:00\" \/>\n<meta name=\"twitter:card\" content=\"summary_large_image\" \/>\n<meta name=\"twitter:label1\" content=\"Dur\u00e9e de lecture estim\u00e9e\" \/>\n\t<meta name=\"twitter:data1\" content=\"1 minute\" \/>\n<script type=\"application\/ld+json\" class=\"yoast-schema-graph\">{\"@context\":\"https:\/\/schema.org\",\"@graph\":[{\"@type\":\"WebPage\",\"@id\":\"https:\/\/art-in-law.org\/fr\/marche-de-lart\/\",\"url\":\"https:\/\/art-in-law.org\/fr\/marche-de-lart\/\",\"name\":\"ART-IN-MARKET - Art-in-Law\",\"isPartOf\":{\"@id\":\"https:\/\/art-in-law.org\/fr\/#website\"},\"datePublished\":\"2024-10-01T05:02:32+00:00\",\"dateModified\":\"2025-01-16T13:36:54+00:00\",\"breadcrumb\":{\"@id\":\"https:\/\/art-in-law.org\/fr\/marche-de-lart\/#breadcrumb\"},\"inLanguage\":\"fr-FR\",\"potentialAction\":[{\"@type\":\"ReadAction\",\"target\":[\"https:\/\/art-in-law.org\/fr\/marche-de-lart\/\"]}]},{\"@type\":\"BreadcrumbList\",\"@id\":\"https:\/\/art-in-law.org\/fr\/marche-de-lart\/#breadcrumb\",\"itemListElement\":[{\"@type\":\"ListItem\",\"position\":1,\"name\":\"Home\",\"item\":\"https:\/\/art-in-law.org\/fr\/\"},{\"@type\":\"ListItem\",\"position\":2,\"name\":\"ART-IN-MARKET\"}]},{\"@type\":\"WebSite\",\"@id\":\"https:\/\/art-in-law.org\/fr\/#website\",\"url\":\"https:\/\/art-in-law.org\/fr\/\",\"name\":\"Art-in-Law\",\"description\":\"\",\"potentialAction\":[{\"@type\":\"SearchAction\",\"target\":{\"@type\":\"EntryPoint\",\"urlTemplate\":\"https:\/\/art-in-law.org\/fr\/?s={search_term_string}\"},\"query-input\":{\"@type\":\"PropertyValueSpecification\",\"valueRequired\":true,\"valueName\":\"search_term_string\"}}],\"inLanguage\":\"fr-FR\"}]}<\/script>\n<!-- \/ Yoast SEO plugin. -->","yoast_head_json":{"title":"ART-IN-MARKET - Art-in-Law","robots":{"index":"index","follow":"follow","max-snippet":"max-snippet:-1","max-image-preview":"max-image-preview:large","max-video-preview":"max-video-preview:-1"},"canonical":"https:\/\/art-in-law.org\/fr\/marche-de-lart\/","og_locale":"fr_FR","og_type":"article","og_title":"ART-IN-MARKET - Art-in-Law","og_url":"https:\/\/art-in-law.org\/fr\/marche-de-lart\/","og_site_name":"Art-in-Law","article_modified_time":"2025-01-16T13:36:54+00:00","twitter_card":"summary_large_image","twitter_misc":{"Dur\u00e9e de lecture estim\u00e9e":"1 minute"},"schema":{"@context":"https:\/\/schema.org","@graph":[{"@type":"WebPage","@id":"https:\/\/art-in-law.org\/fr\/marche-de-lart\/","url":"https:\/\/art-in-law.org\/fr\/marche-de-lart\/","name":"ART-IN-MARKET - Art-in-Law","isPartOf":{"@id":"https:\/\/art-in-law.org\/fr\/#website"},"datePublished":"2024-10-01T05:02:32+00:00","dateModified":"2025-01-16T13:36:54+00:00","breadcrumb":{"@id":"https:\/\/art-in-law.org\/fr\/marche-de-lart\/#breadcrumb"},"inLanguage":"fr-FR","potentialAction":[{"@type":"ReadAction","target":["https:\/\/art-in-law.org\/fr\/marche-de-lart\/"]}]},{"@type":"BreadcrumbList","@id":"https:\/\/art-in-law.org\/fr\/marche-de-lart\/#breadcrumb","itemListElement":[{"@type":"ListItem","position":1,"name":"Home","item":"https:\/\/art-in-law.org\/fr\/"},{"@type":"ListItem","position":2,"name":"ART-IN-MARKET"}]},{"@type":"WebSite","@id":"https:\/\/art-in-law.org\/fr\/#website","url":"https:\/\/art-in-law.org\/fr\/","name":"Art-in-Law","description":"","potentialAction":[{"@type":"SearchAction","target":{"@type":"EntryPoint","urlTemplate":"https:\/\/art-in-law.org\/fr\/?s={search_term_string}"},"query-input":{"@type":"PropertyValueSpecification","valueRequired":true,"valueName":"search_term_string"}}],"inLanguage":"fr-FR"}]}},"_links":{"self":[{"href":"https:\/\/art-in-law.org\/fr\/wp-json\/wp\/v2\/pages\/230","targetHints":{"allow":["GET"]}}],"collection":[{"href":"https:\/\/art-in-law.org\/fr\/wp-json\/wp\/v2\/pages"}],"about":[{"href":"https:\/\/art-in-law.org\/fr\/wp-json\/wp\/v2\/types\/page"}],"author":[{"embeddable":true,"href":"https:\/\/art-in-law.org\/fr\/wp-json\/wp\/v2\/users\/1"}],"replies":[{"embeddable":true,"href":"https:\/\/art-in-law.org\/fr\/wp-json\/wp\/v2\/comments?post=230"}],"version-history":[{"count":5,"href":"https:\/\/art-in-law.org\/fr\/wp-json\/wp\/v2\/pages\/230\/revisions"}],"predecessor-version":[{"id":321,"href":"https:\/\/art-in-law.org\/fr\/wp-json\/wp\/v2\/pages\/230\/revisions\/321"}],"wp:attachment":[{"href":"https:\/\/art-in-law.org\/fr\/wp-json\/wp\/v2\/media?parent=230"}],"curies":[{"name":"wp","href":"https:\/\/api.w.org\/{rel}","templated":true}]}}