{"id":228,"date":"2024-10-01T05:01:05","date_gmt":"2024-10-01T05:01:05","guid":{"rendered":"https:\/\/xnd.aoj.mybluehost.me\/a-propos\/"},"modified":"2025-01-16T13:48:51","modified_gmt":"2025-01-16T13:48:51","slug":"a-propos","status":"publish","type":"page","link":"https:\/\/art-in-law.org\/fr\/a-propos\/","title":{"rendered":"\u00c0 propos"},"content":{"rendered":"\n<p>Relier les mondes de l\u2019art et de la culture, en r\u00e9pondant aux besoins des artistes, des institutions et des producteurs d&rsquo;\u0153uvre de l\u2019esprit, (l\u2019art graphique et plastique,la photographie, l\u2019art du spectacle, la musique et la cin\u00e9matographie). offrant des services adapt\u00e9s aux besoins pour soutenir leur d\u00e9veloppement professionnel.<\/p>\n\n\n\n<hr class=\"wp-block-separator has-alpha-channel-opacity\"\/>\n\n\n\n<p>Valoriser les artistes et les professionnels de l\u2019art en prot\u00e9geant leurs droits cr\u00e9atifs, en favorisant les \u00e9changes culturels et en soutenant une croissance durable dans le domaine de l\u2019art.<\/p>\n\n\n\n<hr class=\"wp-block-separator has-alpha-channel-opacity\"\/>\n\n\n\n<p>Gr\u00e2ce \u00e0 notre nouvelle plateforme Art-in-Market, nous accompagnons les artistes en organisant des \u00c9v\u00e9nements exclusifs, en exposant leurs \u0153uvres et en assurant une promotion ax\u00e9 afin de les mettre en relation avec des collectionneurs et des acheteurs.<\/p>\n\n\n\n<hr class=\"wp-block-separator has-alpha-channel-opacity\"\/>\n\n\n\n<p>Notre objectif est de promouvoir un march\u00e9 florissant o\u00f9 les artistes internationaux peuvent accro\u00eetre leur visibilit\u00e9, d\u00e9velopper leur r\u00e9putation et \u00e9tablir une pr\u00e9sence p\u00e9renne \u00e0 travers des \u00e9v\u00e9nements organis\u00e9s, sous l\u2019expertise de notre comit\u00e9 scientifique.<br>Notre service de cr\u00e9ation de catalogue raisonn\u00e9 pr\u00e9serve et valorise leurs \u0153uvres tout en garantissant leurs droits d\u2019auteur.<\/p>\n","protected":false},"excerpt":{"rendered":"<p>Relier les mondes de l\u2019art et de la culture, en r\u00e9pondant aux besoins des artistes, des institutions et des producteurs d&rsquo;\u0153uvre de l\u2019esprit, (l\u2019art graphique et plastique,la photographie, l\u2019art du spectacle, la musique et la cin\u00e9matographie). offrant des services adapt\u00e9s aux besoins pour soutenir leur d\u00e9veloppement professionnel. Valoriser les artistes et les professionnels de l\u2019art [&hellip;]<\/p>\n","protected":false},"author":1,"featured_media":218,"parent":0,"menu_order":0,"comment_status":"closed","ping_status":"closed","template":"","meta":{"_acf_changed":false,"ub_ctt_via":"","footnotes":""},"class_list":["post-228","page","type-page","status-publish","has-post-thumbnail","hentry"],"acf":[],"featured_image_src":"https:\/\/art-in-law.org\/wp-content\/uploads\/2024\/12\/Art-in-law-about-6.jpg","yoast_head":"<!-- This site is optimized with the Yoast SEO plugin v27.2 - https:\/\/yoast.com\/product\/yoast-seo-wordpress\/ -->\n<title>\u00c0 propos - Art-in-Law<\/title>\n<meta name=\"robots\" content=\"index, follow, max-snippet:-1, max-image-preview:large, max-video-preview:-1\" \/>\n<link rel=\"canonical\" href=\"https:\/\/art-in-law.org\/fr\/a-propos\/\" \/>\n<meta property=\"og:locale\" content=\"fr_FR\" \/>\n<meta property=\"og:type\" content=\"article\" \/>\n<meta property=\"og:title\" content=\"\u00c0 propos - Art-in-Law\" \/>\n<meta property=\"og:description\" content=\"Relier les mondes de l\u2019art et de la culture, en r\u00e9pondant aux besoins des artistes, des institutions et des producteurs d&rsquo;\u0153uvre de l\u2019esprit, (l\u2019art graphique et plastique,la photographie, l\u2019art du spectacle, la musique et la cin\u00e9matographie). offrant des services adapt\u00e9s aux besoins pour soutenir leur d\u00e9veloppement professionnel. Valoriser les artistes et les professionnels de l\u2019art [&hellip;]\" \/>\n<meta property=\"og:url\" content=\"https:\/\/art-in-law.org\/fr\/a-propos\/\" \/>\n<meta property=\"og:site_name\" content=\"Art-in-Law\" \/>\n<meta property=\"article:modified_time\" content=\"2025-01-16T13:48:51+00:00\" \/>\n<meta property=\"og:image\" content=\"https:\/\/xnd.aoj.mybluehost.me\/wp-content\/uploads\/2024\/12\/Art-in-law-about-6.jpg\" \/>\n\t<meta property=\"og:image:width\" content=\"2000\" \/>\n\t<meta property=\"og:image:height\" content=\"1264\" \/>\n\t<meta property=\"og:image:type\" content=\"image\/jpeg\" \/>\n<meta name=\"twitter:card\" content=\"summary_large_image\" \/>\n<meta name=\"twitter:label1\" content=\"Dur\u00e9e de lecture estim\u00e9e\" \/>\n\t<meta name=\"twitter:data1\" content=\"1 minute\" \/>\n<script type=\"application\/ld+json\" class=\"yoast-schema-graph\">{\"@context\":\"https:\/\/schema.org\",\"@graph\":[{\"@type\":\"WebPage\",\"@id\":\"https:\/\/art-in-law.org\/fr\/a-propos\/\",\"url\":\"https:\/\/art-in-law.org\/fr\/a-propos\/\",\"name\":\"\u00c0 propos - Art-in-Law\",\"isPartOf\":{\"@id\":\"https:\/\/art-in-law.org\/fr\/#website\"},\"primaryImageOfPage\":{\"@id\":\"https:\/\/art-in-law.org\/fr\/a-propos\/#primaryimage\"},\"image\":{\"@id\":\"https:\/\/art-in-law.org\/fr\/a-propos\/#primaryimage\"},\"thumbnailUrl\":\"https:\/\/art-in-law.org\/wp-content\/uploads\/2024\/12\/Art-in-law-about-6.jpg\",\"datePublished\":\"2024-10-01T05:01:05+00:00\",\"dateModified\":\"2025-01-16T13:48:51+00:00\",\"breadcrumb\":{\"@id\":\"https:\/\/art-in-law.org\/fr\/a-propos\/#breadcrumb\"},\"inLanguage\":\"fr-FR\",\"potentialAction\":[{\"@type\":\"ReadAction\",\"target\":[\"https:\/\/art-in-law.org\/fr\/a-propos\/\"]}]},{\"@type\":\"ImageObject\",\"inLanguage\":\"fr-FR\",\"@id\":\"https:\/\/art-in-law.org\/fr\/a-propos\/#primaryimage\",\"url\":\"https:\/\/art-in-law.org\/wp-content\/uploads\/2024\/12\/Art-in-law-about-6.jpg\",\"contentUrl\":\"https:\/\/art-in-law.org\/wp-content\/uploads\/2024\/12\/Art-in-law-about-6.jpg\",\"width\":2000,\"height\":1264},{\"@type\":\"BreadcrumbList\",\"@id\":\"https:\/\/art-in-law.org\/fr\/a-propos\/#breadcrumb\",\"itemListElement\":[{\"@type\":\"ListItem\",\"position\":1,\"name\":\"Home\",\"item\":\"https:\/\/art-in-law.org\/fr\/\"},{\"@type\":\"ListItem\",\"position\":2,\"name\":\"\u00c0 propos\"}]},{\"@type\":\"WebSite\",\"@id\":\"https:\/\/art-in-law.org\/fr\/#website\",\"url\":\"https:\/\/art-in-law.org\/fr\/\",\"name\":\"Art-in-Law\",\"description\":\"\",\"potentialAction\":[{\"@type\":\"SearchAction\",\"target\":{\"@type\":\"EntryPoint\",\"urlTemplate\":\"https:\/\/art-in-law.org\/fr\/?s={search_term_string}\"},\"query-input\":{\"@type\":\"PropertyValueSpecification\",\"valueRequired\":true,\"valueName\":\"search_term_string\"}}],\"inLanguage\":\"fr-FR\"}]}<\/script>\n<!-- \/ Yoast SEO plugin. -->","yoast_head_json":{"title":"\u00c0 propos - Art-in-Law","robots":{"index":"index","follow":"follow","max-snippet":"max-snippet:-1","max-image-preview":"max-image-preview:large","max-video-preview":"max-video-preview:-1"},"canonical":"https:\/\/art-in-law.org\/fr\/a-propos\/","og_locale":"fr_FR","og_type":"article","og_title":"\u00c0 propos - Art-in-Law","og_description":"Relier les mondes de l\u2019art et de la culture, en r\u00e9pondant aux besoins des artistes, des institutions et des producteurs d&rsquo;\u0153uvre de l\u2019esprit, (l\u2019art graphique et plastique,la photographie, l\u2019art du spectacle, la musique et la cin\u00e9matographie). offrant des services adapt\u00e9s aux besoins pour soutenir leur d\u00e9veloppement professionnel. Valoriser les artistes et les professionnels de l\u2019art [&hellip;]","og_url":"https:\/\/art-in-law.org\/fr\/a-propos\/","og_site_name":"Art-in-Law","article_modified_time":"2025-01-16T13:48:51+00:00","og_image":[{"width":2000,"height":1264,"url":"https:\/\/xnd.aoj.mybluehost.me\/wp-content\/uploads\/2024\/12\/Art-in-law-about-6.jpg","type":"image\/jpeg"}],"twitter_card":"summary_large_image","twitter_misc":{"Dur\u00e9e de lecture estim\u00e9e":"1 minute"},"schema":{"@context":"https:\/\/schema.org","@graph":[{"@type":"WebPage","@id":"https:\/\/art-in-law.org\/fr\/a-propos\/","url":"https:\/\/art-in-law.org\/fr\/a-propos\/","name":"\u00c0 propos - Art-in-Law","isPartOf":{"@id":"https:\/\/art-in-law.org\/fr\/#website"},"primaryImageOfPage":{"@id":"https:\/\/art-in-law.org\/fr\/a-propos\/#primaryimage"},"image":{"@id":"https:\/\/art-in-law.org\/fr\/a-propos\/#primaryimage"},"thumbnailUrl":"https:\/\/art-in-law.org\/wp-content\/uploads\/2024\/12\/Art-in-law-about-6.jpg","datePublished":"2024-10-01T05:01:05+00:00","dateModified":"2025-01-16T13:48:51+00:00","breadcrumb":{"@id":"https:\/\/art-in-law.org\/fr\/a-propos\/#breadcrumb"},"inLanguage":"fr-FR","potentialAction":[{"@type":"ReadAction","target":["https:\/\/art-in-law.org\/fr\/a-propos\/"]}]},{"@type":"ImageObject","inLanguage":"fr-FR","@id":"https:\/\/art-in-law.org\/fr\/a-propos\/#primaryimage","url":"https:\/\/art-in-law.org\/wp-content\/uploads\/2024\/12\/Art-in-law-about-6.jpg","contentUrl":"https:\/\/art-in-law.org\/wp-content\/uploads\/2024\/12\/Art-in-law-about-6.jpg","width":2000,"height":1264},{"@type":"BreadcrumbList","@id":"https:\/\/art-in-law.org\/fr\/a-propos\/#breadcrumb","itemListElement":[{"@type":"ListItem","position":1,"name":"Home","item":"https:\/\/art-in-law.org\/fr\/"},{"@type":"ListItem","position":2,"name":"\u00c0 propos"}]},{"@type":"WebSite","@id":"https:\/\/art-in-law.org\/fr\/#website","url":"https:\/\/art-in-law.org\/fr\/","name":"Art-in-Law","description":"","potentialAction":[{"@type":"SearchAction","target":{"@type":"EntryPoint","urlTemplate":"https:\/\/art-in-law.org\/fr\/?s={search_term_string}"},"query-input":{"@type":"PropertyValueSpecification","valueRequired":true,"valueName":"search_term_string"}}],"inLanguage":"fr-FR"}]}},"_links":{"self":[{"href":"https:\/\/art-in-law.org\/fr\/wp-json\/wp\/v2\/pages\/228","targetHints":{"allow":["GET"]}}],"collection":[{"href":"https:\/\/art-in-law.org\/fr\/wp-json\/wp\/v2\/pages"}],"about":[{"href":"https:\/\/art-in-law.org\/fr\/wp-json\/wp\/v2\/types\/page"}],"author":[{"embeddable":true,"href":"https:\/\/art-in-law.org\/fr\/wp-json\/wp\/v2\/users\/1"}],"replies":[{"embeddable":true,"href":"https:\/\/art-in-law.org\/fr\/wp-json\/wp\/v2\/comments?post=228"}],"version-history":[{"count":3,"href":"https:\/\/art-in-law.org\/fr\/wp-json\/wp\/v2\/pages\/228\/revisions"}],"predecessor-version":[{"id":328,"href":"https:\/\/art-in-law.org\/fr\/wp-json\/wp\/v2\/pages\/228\/revisions\/328"}],"wp:featuredmedia":[{"embeddable":true,"href":"https:\/\/art-in-law.org\/fr\/wp-json\/wp\/v2\/media\/218"}],"wp:attachment":[{"href":"https:\/\/art-in-law.org\/fr\/wp-json\/wp\/v2\/media?parent=228"}],"curies":[{"name":"wp","href":"https:\/\/api.w.org\/{rel}","templated":true}]}}