{"id":226,"date":"2024-10-01T05:02:57","date_gmt":"2024-10-01T05:02:57","guid":{"rendered":"https:\/\/xnd.aoj.mybluehost.me\/services\/"},"modified":"2025-01-16T13:45:47","modified_gmt":"2025-01-16T13:45:47","slug":"services","status":"publish","type":"page","link":"https:\/\/art-in-law.org\/fr\/services\/","title":{"rendered":"Nos services"},"content":{"rendered":"\n<p class=\"servicep\">Art-in-Law offre un accompagnement sp\u00e9cialis\u00e9 aux artistes d\u2019art graphique, plastique et photographique, galeristes, collectionneurs, institutions, producteurs de films, musiciens et \u00e9crivains dans la gestion des droits de propri\u00e9t\u00e9 intellectuelle et du march\u00e9 de l\u2019art. De la protection des droits cr\u00e9atifs et l\u2019orientation sur les questions de visas internationaux \u00e0 la promotion et la vente d\u2019\u0153uvres, notre \u00e9quipe et nos partenaires veillent \u00e0 ce que les artistes prosp\u00e8rent dans tous les aspects de leur carri\u00e8re.<\/p>\n\n\n<div class=\"wp-block-ub-content-toggle wp-block-ub-content-toggle-block\" id=\"ub-content-toggle-block-78411d8e-ee08-4e59-9a07-11ccfa4fb3c1\" data-mobilecollapse=\"true\" data-desktopcollapse=\"true\" data-preventcollapse=\"false\" data-showonlyone=\"false\">\n<div class=\"wp-block-ub-content-toggle-accordion\" style=\"border-color: #f1f1f1;\" id=\"ub-content-toggle-panel-block-\">\n\t\t\t<div class=\"wp-block-ub-content-toggle-accordion-title-wrap\" style=\"background-color: #f1f1f1;\" aria-controls=\"ub-content-toggle-panel-0-78411d8e-ee08-4e59-9a07-11ccfa4fb3c1\" tabindex=\"0\">\n\t\t\t<p class=\"wp-block-ub-content-toggle-accordion-title ub-content-toggle-title-78411d8e-ee08-4e59-9a07-11ccfa4fb3c1\" style=\"color: #000000; \">Consultation personnalis\u00e9e<\/p>\n\t\t\t<div class=\"wp-block-ub-content-toggle-accordion-toggle-wrap right\" style=\"color: #000000;\"><span class=\"wp-block-ub-content-toggle-accordion-state-indicator wp-block-ub-chevron-down open\"><\/span><\/div>\n\t\t<\/div>\n\t\t\t<div role=\"region\" aria-expanded=\"true\" class=\"wp-block-ub-content-toggle-accordion-content-wrap\" id=\"ub-content-toggle-panel-0-78411d8e-ee08-4e59-9a07-11ccfa4fb3c1\">\n\n<p>Des consultations adapt\u00e9es et personnalis\u00e9es dans les domaines de la gestion des droits de la propri\u00e9t\u00e9 intellectuelle, du march\u00e9 de l\u2019art et des questions administratives, Nous accompagnons les artistes, collectionneurs et institutions pour surmonter les d\u00e9fis complexes, tant au niveau local qu\u2019international.<br><br>Prix : Chaque session de consultation commence \u00e0 200 euros.<\/p>\n\n<\/div>\n\t\t<\/div>\n\n<div class=\"wp-block-ub-content-toggle-accordion\" style=\"border-color: #f1f1f1;\" id=\"ub-content-toggle-panel-block-\">\n\t\t\t<div class=\"wp-block-ub-content-toggle-accordion-title-wrap\" style=\"background-color: #f1f1f1;\" aria-controls=\"ub-content-toggle-panel-1-78411d8e-ee08-4e59-9a07-11ccfa4fb3c1\" tabindex=\"0\">\n\t\t\t<p class=\"wp-block-ub-content-toggle-accordion-title ub-content-toggle-title-78411d8e-ee08-4e59-9a07-11ccfa4fb3c1\" style=\"color: #000000; \">Ensemble contractuel (Bas\u00e9e sur les termes et des conditions des droits de la propri\u00e9t\u00e9 intellectuelle)<\/p>\n\t\t\t<div class=\"wp-block-ub-content-toggle-accordion-toggle-wrap right\" style=\"color: #000000;\"><span class=\"wp-block-ub-content-toggle-accordion-state-indicator wp-block-ub-chevron-down\"><\/span><\/div>\n\t\t<\/div>\n\t\t\t<div role=\"region\" aria-expanded=\"false\" class=\"wp-block-ub-content-toggle-accordion-content-wrap ub-hide\" id=\"ub-content-toggle-panel-1-78411d8e-ee08-4e59-9a07-11ccfa4fb3c1\">\n\n<p><strong>Contrats artistiques (Toutes disciplines contemporaines)<\/strong><br>R\u00e9daction et r\u00e9vision de contrats pour des commandes, des repr\u00e9sentations et des reproductions des \u0153uvres de l\u2019esprit, la gestion de collections, ainsi que pour la production de films, les arts du spectacle et de la musique, en garantissant la clart\u00e9 et la protection des parties prenantes.<\/p>\n\n\n\n<hr class=\"wp-block-separator has-alpha-channel-opacity\">\n\n\n\n<p><strong>Contrats entre artistes &#8211; marchands d\u2019art<\/strong><br>Conseils sur les accords avec les marchands d&rsquo;art, agent d\u2019artiste, les galeries, les institutions, les foires d\u2019art afin d\u2019assurer une repr\u00e9sentation conforme et des conditions de vente transparentes pour les parties.<\/p>\n\n\n\n<hr class=\"wp-block-separator has-alpha-channel-opacity\">\n\n\n\n<p><strong>Contrats de vente<\/strong><br>Pr\u00e9paration des accords pour la vente d&rsquo;\u0153uvres d&rsquo;art, y compris les contrats de vente aux ench\u00e8res, les ventes priv\u00e9es et les contrats de consignation.<\/p>\n\n\n\n<hr class=\"wp-block-separator has-alpha-channel-opacity\">\n\n\n\n<p><strong>Contrats de licence<\/strong><br>\u00c9laboration d\u2019accords pour la licence d\u2019\u0153uvres de l\u2019esprit \u00e0 des fins de reproduction, de repr\u00e9sentation, d\u2019exposition ou pour des producteurs, organisateurs et investisseurs, prot\u00e9geant ainsi les droits de l\u2019artiste.<\/p>\n\n\n\n<hr class=\"wp-block-separator has-alpha-channel-opacity\">\n\n\n\n<p><strong>Contrat d\u2019exposition<\/strong><br>R\u00e9daction de contrats pour les expositions et installations, d\u00e9finissant les responsabilit\u00e9s, les honoraires et les termes de l\u2019accord.<\/p>\n\n\n\n<hr class=\"wp-block-separator has-alpha-channel-opacity\">\n\n\n\n<p><strong>Lettres d&rsquo;intention<\/strong><br>R\u00e9daction de lettres d\u2019intention pour des collaborations, ventes ou expositions potentielles, fournissant un cadre formel avant les accords d\u00e9finitifs.<\/p>\n\n\n\n<hr class=\"wp-block-separator has-alpha-channel-opacity\">\n\n\n\n<p><strong>D\u00e9clarations d\u2019artiste et biographies<\/strong><br>Aide \u00e0 la r\u00e9daction de d\u00e9clarations artistiques et de biographies percutantes pour enrichir la compr\u00e9hension et l\u2019appr\u00e9ciation du travail de l\u2019artiste.<\/p>\n\n<\/div>\n\t\t<\/div>\n\n<div class=\"wp-block-ub-content-toggle-accordion\" style=\"border-color: #f1f1f1;\" id=\"ub-content-toggle-panel-block-\">\n\t\t\t<div class=\"wp-block-ub-content-toggle-accordion-title-wrap\" style=\"background-color: #f1f1f1;\" aria-controls=\"ub-content-toggle-panel-2-78411d8e-ee08-4e59-9a07-11ccfa4fb3c1\" tabindex=\"0\">\n\t\t\t<p class=\"wp-block-ub-content-toggle-accordion-title ub-content-toggle-title-78411d8e-ee08-4e59-9a07-11ccfa4fb3c1\" style=\"color: #000000; \">Services de droits administratifs<\/p>\n\t\t\t<div class=\"wp-block-ub-content-toggle-accordion-toggle-wrap right\" style=\"color: #000000;\"><span class=\"wp-block-ub-content-toggle-accordion-state-indicator wp-block-ub-chevron-down\"><\/span><\/div>\n\t\t<\/div>\n\t\t\t<div role=\"region\" aria-expanded=\"false\" class=\"wp-block-ub-content-toggle-accordion-content-wrap ub-hide\" id=\"ub-content-toggle-panel-2-78411d8e-ee08-4e59-9a07-11ccfa4fb3c1\">\n\n<p><strong>Protection de la propri\u00e9t\u00e9 intellectuelle<\/strong><br>S\u00e9curisation des droits d\u2019auteur, des marques et des droits de propri\u00e9t\u00e9 intellectuelle pour prot\u00e9ger l&rsquo;originalit\u00e9 et la propri\u00e9t\u00e9 des \u0153uvres artistiques.<\/p>\n\n\n\n<hr class=\"wp-block-separator has-alpha-channel-opacity\">\n\n\n\n<p><strong>Planification patrimoniale et h\u00e9ritage artistique<\/strong><br>Accompagnement dans la r\u00e9daction de testaments, de trusts et de la planification successorale pour pr\u00e9server et transmettre l\u2019h\u00e9ritage cr\u00e9atif \u00e0 travers les g\u00e9n\u00e9rations.<\/p>\n\n\n\n<hr class=\"wp-block-separator has-alpha-channel-opacity\">\n\n\n\n<p><strong>R\u00e9solution de conflits<\/strong><br>Offre de services de m\u00e9diation et d\u2019arbitrage pour les conflits li\u00e9s \u00e0 la propri\u00e9t\u00e9, \u00e0 l\u2019authenticit\u00e9 et \u00e0 la propri\u00e9t\u00e9 intellectuelle.<\/p>\n\n\n\n<hr class=\"wp-block-separator has-alpha-channel-opacity\">\n\n\n\n<p><strong>Enregistrement de marques<\/strong><br>Aide aux artistes pour prot\u00e9ger leur nom de marque, leurs logos ou leurs caract\u00e9ristiques distinctives<\/p>\n\n\n\n<hr class=\"wp-block-separator has-alpha-channel-opacity\">\n\n\n\n<p><strong>Entit\u00e9s commerciales et gestion<br><\/strong>Accompagnement pour \u00e9tablir la pratique artistique en tant qu\u2019entreprise en France, notamment la cr\u00e9ation de soci\u00e9t\u00e9, l\u2019enregistrement en tant que travailleur ind\u00e9pendant et l\u2019obtention du num\u00e9ro SIRET.<\/p>\n\n<\/div>\n\t\t<\/div>\n\n<div class=\"wp-block-ub-content-toggle-accordion\" style=\"border-color: #f1f1f1;\" id=\"ub-content-toggle-panel-block-\">\n\t\t\t<div class=\"wp-block-ub-content-toggle-accordion-title-wrap\" style=\"background-color: #f1f1f1;\" aria-controls=\"ub-content-toggle-panel-3-78411d8e-ee08-4e59-9a07-11ccfa4fb3c1\" tabindex=\"0\">\n\t\t\t<p class=\"wp-block-ub-content-toggle-accordion-title ub-content-toggle-title-78411d8e-ee08-4e59-9a07-11ccfa4fb3c1\" style=\"color: #000000; \">Services d&rsquo;acc\u00e8s au march\u00e9 de l&rsquo;art<\/p>\n\t\t\t<div class=\"wp-block-ub-content-toggle-accordion-toggle-wrap right\" style=\"color: #000000;\"><span class=\"wp-block-ub-content-toggle-accordion-state-indicator wp-block-ub-chevron-down\"><\/span><\/div>\n\t\t<\/div>\n\t\t\t<div role=\"region\" aria-expanded=\"false\" class=\"wp-block-ub-content-toggle-accordion-content-wrap ub-hide\" id=\"ub-content-toggle-panel-3-78411d8e-ee08-4e59-9a07-11ccfa4fb3c1\">\n\n<p>Gr\u00e2ce \u00e0 notre section Art-in-Market, nous soutenons les artistes en organisant des \u00e9v\u00e9nements exclusifs, en mettant en valeur leurs \u0153uvres et en offrant une promotion strat\u00e9gique pour les connecter aux collectionneurs et aux acheteurs. De plus, notre service de cr\u00e9ation de livres\/catalogues d&rsquo;\u0153uvres permet aux artistes de documenter et de pr\u00e9senter leur travail de mani\u00e8re professionnelle, cr\u00e9ant ainsi des archives qui renforcent la protection des droit d\u2019auteur et leur visibilit\u00e9.<\/p>\n\n\n\n<p><a href=\"https:\/\/art-in-law.org\/fr\/marche-de-lart\/\">Cliquez ici pour acc\u00e9der \u00e0 Art-in-Market (Lien vers la page Art-in-Market)<\/a><\/p>\n\n<\/div>\n\t\t<\/div>\n<\/div>","protected":false},"excerpt":{"rendered":"<p>Art-in-Law offre un accompagnement sp\u00e9cialis\u00e9 aux artistes d\u2019art graphique, plastique et photographique, galeristes, collectionneurs, institutions, producteurs de films, musiciens et \u00e9crivains dans la gestion des droits de propri\u00e9t\u00e9 intellectuelle et du march\u00e9 de l\u2019art. De la protection des droits cr\u00e9atifs et l\u2019orientation sur les questions de visas internationaux \u00e0 la promotion et la vente d\u2019\u0153uvres, [&hellip;]<\/p>\n","protected":false},"author":1,"featured_media":0,"parent":0,"menu_order":0,"comment_status":"closed","ping_status":"closed","template":"","meta":{"_acf_changed":false,"ub_ctt_via":"","footnotes":""},"class_list":["post-226","page","type-page","status-publish","hentry"],"acf":[],"featured_image_src":null,"yoast_head":"<!-- This site is optimized with the Yoast SEO plugin v27.2 - https:\/\/yoast.com\/product\/yoast-seo-wordpress\/ -->\n<title>Nos services - Art-in-Law<\/title>\n<meta name=\"robots\" content=\"index, follow, max-snippet:-1, max-image-preview:large, max-video-preview:-1\" \/>\n<link rel=\"canonical\" href=\"https:\/\/art-in-law.org\/fr\/services\/\" \/>\n<meta property=\"og:locale\" content=\"fr_FR\" \/>\n<meta property=\"og:type\" content=\"article\" \/>\n<meta property=\"og:title\" content=\"Nos services - Art-in-Law\" \/>\n<meta property=\"og:description\" content=\"Art-in-Law offre un accompagnement sp\u00e9cialis\u00e9 aux artistes d\u2019art graphique, plastique et photographique, galeristes, collectionneurs, institutions, producteurs de films, musiciens et \u00e9crivains dans la gestion des droits de propri\u00e9t\u00e9 intellectuelle et du march\u00e9 de l\u2019art. De la protection des droits cr\u00e9atifs et l\u2019orientation sur les questions de visas internationaux \u00e0 la promotion et la vente d\u2019\u0153uvres, [&hellip;]\" \/>\n<meta property=\"og:url\" content=\"https:\/\/art-in-law.org\/fr\/services\/\" \/>\n<meta property=\"og:site_name\" content=\"Art-in-Law\" \/>\n<meta property=\"article:modified_time\" content=\"2025-01-16T13:45:47+00:00\" \/>\n<meta name=\"twitter:card\" content=\"summary_large_image\" \/>\n<meta name=\"twitter:label1\" content=\"Dur\u00e9e de lecture estim\u00e9e\" \/>\n\t<meta name=\"twitter:data1\" content=\"3 minutes\" \/>\n<script type=\"application\/ld+json\" class=\"yoast-schema-graph\">{\"@context\":\"https:\/\/schema.org\",\"@graph\":[{\"@type\":\"WebPage\",\"@id\":\"https:\/\/art-in-law.org\/fr\/services\/\",\"url\":\"https:\/\/art-in-law.org\/fr\/services\/\",\"name\":\"Nos services - Art-in-Law\",\"isPartOf\":{\"@id\":\"https:\/\/art-in-law.org\/fr\/#website\"},\"datePublished\":\"2024-10-01T05:02:57+00:00\",\"dateModified\":\"2025-01-16T13:45:47+00:00\",\"breadcrumb\":{\"@id\":\"https:\/\/art-in-law.org\/fr\/services\/#breadcrumb\"},\"inLanguage\":\"fr-FR\",\"potentialAction\":[{\"@type\":\"ReadAction\",\"target\":[\"https:\/\/art-in-law.org\/fr\/services\/\"]}]},{\"@type\":\"BreadcrumbList\",\"@id\":\"https:\/\/art-in-law.org\/fr\/services\/#breadcrumb\",\"itemListElement\":[{\"@type\":\"ListItem\",\"position\":1,\"name\":\"Home\",\"item\":\"https:\/\/art-in-law.org\/fr\/\"},{\"@type\":\"ListItem\",\"position\":2,\"name\":\"Nos services\"}]},{\"@type\":\"WebSite\",\"@id\":\"https:\/\/art-in-law.org\/fr\/#website\",\"url\":\"https:\/\/art-in-law.org\/fr\/\",\"name\":\"Art-in-Law\",\"description\":\"\",\"potentialAction\":[{\"@type\":\"SearchAction\",\"target\":{\"@type\":\"EntryPoint\",\"urlTemplate\":\"https:\/\/art-in-law.org\/fr\/?s={search_term_string}\"},\"query-input\":{\"@type\":\"PropertyValueSpecification\",\"valueRequired\":true,\"valueName\":\"search_term_string\"}}],\"inLanguage\":\"fr-FR\"}]}<\/script>\n<!-- \/ Yoast SEO plugin. -->","yoast_head_json":{"title":"Nos services - Art-in-Law","robots":{"index":"index","follow":"follow","max-snippet":"max-snippet:-1","max-image-preview":"max-image-preview:large","max-video-preview":"max-video-preview:-1"},"canonical":"https:\/\/art-in-law.org\/fr\/services\/","og_locale":"fr_FR","og_type":"article","og_title":"Nos services - Art-in-Law","og_description":"Art-in-Law offre un accompagnement sp\u00e9cialis\u00e9 aux artistes d\u2019art graphique, plastique et photographique, galeristes, collectionneurs, institutions, producteurs de films, musiciens et \u00e9crivains dans la gestion des droits de propri\u00e9t\u00e9 intellectuelle et du march\u00e9 de l\u2019art. De la protection des droits cr\u00e9atifs et l\u2019orientation sur les questions de visas internationaux \u00e0 la promotion et la vente d\u2019\u0153uvres, [&hellip;]","og_url":"https:\/\/art-in-law.org\/fr\/services\/","og_site_name":"Art-in-Law","article_modified_time":"2025-01-16T13:45:47+00:00","twitter_card":"summary_large_image","twitter_misc":{"Dur\u00e9e de lecture estim\u00e9e":"3 minutes"},"schema":{"@context":"https:\/\/schema.org","@graph":[{"@type":"WebPage","@id":"https:\/\/art-in-law.org\/fr\/services\/","url":"https:\/\/art-in-law.org\/fr\/services\/","name":"Nos services - Art-in-Law","isPartOf":{"@id":"https:\/\/art-in-law.org\/fr\/#website"},"datePublished":"2024-10-01T05:02:57+00:00","dateModified":"2025-01-16T13:45:47+00:00","breadcrumb":{"@id":"https:\/\/art-in-law.org\/fr\/services\/#breadcrumb"},"inLanguage":"fr-FR","potentialAction":[{"@type":"ReadAction","target":["https:\/\/art-in-law.org\/fr\/services\/"]}]},{"@type":"BreadcrumbList","@id":"https:\/\/art-in-law.org\/fr\/services\/#breadcrumb","itemListElement":[{"@type":"ListItem","position":1,"name":"Home","item":"https:\/\/art-in-law.org\/fr\/"},{"@type":"ListItem","position":2,"name":"Nos services"}]},{"@type":"WebSite","@id":"https:\/\/art-in-law.org\/fr\/#website","url":"https:\/\/art-in-law.org\/fr\/","name":"Art-in-Law","description":"","potentialAction":[{"@type":"SearchAction","target":{"@type":"EntryPoint","urlTemplate":"https:\/\/art-in-law.org\/fr\/?s={search_term_string}"},"query-input":{"@type":"PropertyValueSpecification","valueRequired":true,"valueName":"search_term_string"}}],"inLanguage":"fr-FR"}]}},"_links":{"self":[{"href":"https:\/\/art-in-law.org\/fr\/wp-json\/wp\/v2\/pages\/226","targetHints":{"allow":["GET"]}}],"collection":[{"href":"https:\/\/art-in-law.org\/fr\/wp-json\/wp\/v2\/pages"}],"about":[{"href":"https:\/\/art-in-law.org\/fr\/wp-json\/wp\/v2\/types\/page"}],"author":[{"embeddable":true,"href":"https:\/\/art-in-law.org\/fr\/wp-json\/wp\/v2\/users\/1"}],"replies":[{"embeddable":true,"href":"https:\/\/art-in-law.org\/fr\/wp-json\/wp\/v2\/comments?post=226"}],"version-history":[{"count":6,"href":"https:\/\/art-in-law.org\/fr\/wp-json\/wp\/v2\/pages\/226\/revisions"}],"predecessor-version":[{"id":326,"href":"https:\/\/art-in-law.org\/fr\/wp-json\/wp\/v2\/pages\/226\/revisions\/326"}],"wp:attachment":[{"href":"https:\/\/art-in-law.org\/fr\/wp-json\/wp\/v2\/media?parent=226"}],"curies":[{"name":"wp","href":"https:\/\/api.w.org\/{rel}","templated":true}]}}